{"id":372,"date":"2019-04-01T10:35:33","date_gmt":"2019-04-01T08:35:33","guid":{"rendered":"http:\/\/gaxetauficiale.mlnv.org\/main\/?page_id=372"},"modified":"2022-06-21T15:58:21","modified_gmt":"2022-06-21T13:58:21","slug":"atti-fondanti-di-legittimita","status":"publish","type":"page","link":"http:\/\/gaxetauficiale.mlnv.org\/main\/atti-fondanti-di-legittimita\/","title":{"rendered":"ATTI FONDANTI DI LEGITTIMITA&#8217;"},"content":{"rendered":"<div style=\"text-align: justify;\">Sono atti sostanziali attraverso i quali si manifesta e si realizza l&#8217;essenza stessa del MLNV.<\/div>\n<div style=\"text-align: justify;\">Nella natura specifica di tali atti\u00a0\u00e8 individuabile il compimento del\u00a0processo decisionale, ossia la volont\u00e0 di compiere atti di diritto \u00a0che\u00a0sono stati stimati e approvati e i cui fini e contenuti sono verificabili\u00a0in base ai procedimenti susseguentemente adottati sulla base del diritto all&#8217;autodeterminazione per il Popolo Veneto.<\/div>\n<div style=\"text-align: justify;\">Detto principio \u00e8 stato accettato e inscritto nell&#8217;articolo 1.2 della Carta dell&#8217;Organizzazione delle Nazioni Unite (firmata a San Francisco il 26 giugno 1945 ed entrata in vigore il 24 ottobre 1945), e dispone che uno degli scopi dell&#8217;Organizzazione \u00e8 sviluppare tra le nazioni relazioni amichevoli fondate sul rispetto del principio dell&#8217;eguaglianza dei diritti dei popoli e del loro diritto dell&#8217;autodeterminazione.<\/div>\n<div style=\"text-align: justify;\">\u00c8 sulla base di tali atti che il MLNV assume dignit\u00e0 sul piano della legittimit\u00e0 perch\u00e9 detto principio attiene ai soggetti internazionali, quali i Movimenti di Liberazione Nazionale, e quindi al loro assetto e alla loro legittimazione giuridica sul piano internazionale.<\/div>\n<div style=\"text-align: justify;\">Capito italia???<\/div>\n<div style=\"text-align: justify;\"><\/div>\n<div><a href=\"http:\/\/gaxetauficiale.mlnv.org\/main\/latto-fondante-del-mlnv\/\" target=\"_blank\" rel=\"noopener noreferrer\">2009.09.29 \u2013 L&#8217;ATTO FONDANTE DEL MLNV<\/a><\/div>\n<div><a href=\"http:\/\/gaxetauficiale.mlnv.org\/main\/il-nostro-codice-etico\/\" target=\"_blank\" rel=\"noopener noreferrer\">2009.09.29 \u2013 IL NOSTRO CODICE ETICO<\/a><br \/>\n<a href=\"http:\/\/gaxetauficiale.mlnv.org\/main\/la-nostra-denuncia-alle-nazioni-unite\/\" target=\"_blank\" rel=\"noopener noreferrer\">2010.09.27 \u2013 LA NOSTRA DENUNCIA ALLE NAZIONI UNITE<\/a><br \/>\n<a href=\"http:\/\/gaxetauficiale.mlnv.org\/main\/2010-12-13-ultimatum-allitalia\/\" target=\"_blank\" rel=\"noopener noreferrer\">2010.12.13 \u2013 L&#8217;ULTIMATUM ALL\u2019ITALIA<\/a><br \/>\n<a href=\"http:\/\/gaxetauficiale.mlnv.org\/main\/2012-02-03-costituzione-governo-provvisorio\/\" target=\"_blank\" rel=\"noopener noreferrer\">2012.02.03 \u2013 LA COSTITUZIONE DEL GOVERNO VENETO PROVVISORIO<\/a><\/div>\n<div><a href=\"http:\/\/gaxetauficiale.mlnv.org\/main\/uniform-commercial-code-registrazione-mlnv\/\">2019.03.27 &#8211; REGISTRAZIONE DEL MLNV ALL&#8217;UNIFORM COMMERCIAL CODE (UCC)<\/a><\/div>\n<div><\/div>\n<div>&#8212;<\/div>\n<div><\/div>\n","protected":false},"excerpt":{"rendered":"<p>Sono atti sostanziali attraverso i quali si manifesta e si realizza l&#8217;essenza stessa del MLNV. Nella natura specifica di tali atti\u00a0\u00e8 individuabile il compimento del\u00a0processo decisionale, ossia la volont\u00e0 di compiere atti di diritto \u00a0che\u00a0sono stati stimati e approvati e i cui fini e contenuti sono verificabili\u00a0in base ai procedimenti susseguentemente adottati sulla base del [&hellip;]<\/p>\n","protected":false},"author":1,"featured_media":0,"parent":0,"menu_order":0,"comment_status":"closed","ping_status":"closed","template":"","meta":{"footnotes":""},"class_list":["post-372","page","type-page","status-publish","hentry"],"_links":{"self":[{"href":"http:\/\/gaxetauficiale.mlnv.org\/main\/wp-json\/wp\/v2\/pages\/372","targetHints":{"allow":["GET"]}}],"collection":[{"href":"http:\/\/gaxetauficiale.mlnv.org\/main\/wp-json\/wp\/v2\/pages"}],"about":[{"href":"http:\/\/gaxetauficiale.mlnv.org\/main\/wp-json\/wp\/v2\/types\/page"}],"author":[{"embeddable":true,"href":"http:\/\/gaxetauficiale.mlnv.org\/main\/wp-json\/wp\/v2\/users\/1"}],"replies":[{"embeddable":true,"href":"http:\/\/gaxetauficiale.mlnv.org\/main\/wp-json\/wp\/v2\/comments?post=372"}],"version-history":[{"count":11,"href":"http:\/\/gaxetauficiale.mlnv.org\/main\/wp-json\/wp\/v2\/pages\/372\/revisions"}],"predecessor-version":[{"id":17553,"href":"http:\/\/gaxetauficiale.mlnv.org\/main\/wp-json\/wp\/v2\/pages\/372\/revisions\/17553"}],"wp:attachment":[{"href":"http:\/\/gaxetauficiale.mlnv.org\/main\/wp-json\/wp\/v2\/media?parent=372"}],"curies":[{"name":"wp","href":"https:\/\/api.w.org\/{rel}","templated":true}]}}