{"id":386,"date":"2019-04-01T11:23:02","date_gmt":"2019-04-01T09:23:02","guid":{"rendered":"http:\/\/gaxetauficiale.mlnv.org\/main\/?page_id=386"},"modified":"2022-09-17T12:27:00","modified_gmt":"2022-09-17T10:27:00","slug":"il-nostro-codice-etico","status":"publish","type":"page","link":"http:\/\/gaxetauficiale.mlnv.org\/main\/il-nostro-codice-etico\/","title":{"rendered":"IL NOSTRO CODICE ETICO"},"content":{"rendered":"<div style=\"text-align: justify;\"><strong>DEFINIZIONE<\/strong><\/div>\n<div style=\"text-align: justify;\">Il codice etico \u00e8 uno dei principali documenti che rappresentano il Movimento di Liberazione Nazionale del Popolo Veneto (MLNV).<\/div>\n<div style=\"text-align: justify;\">\u00c8 la regola per eccellenza ovvero il caposaldo etico del MLNV.<\/div>\n<div style=\"text-align: justify;\">\u00c8 un documento scritto per agevolare il nostro riferimento ai principi cardine dei nostri intenti.<\/div>\n<div style=\"text-align: justify;\">\u00c8 rivolto ai membri del Direttivo ma anche a tutti coloro i quali hanno deciso di condividere e partecipare al percorso intrapreso dal MLNV.<\/div>\n<div style=\"text-align: justify;\">Condivisione e partecipazione sono due vincoli essenziali per essere e sentirsi parte del MLNV.<\/div>\n<div style=\"text-align: justify;\">L\u2019ideale del MLNV, vale a dire l\u2019incondizionato e totale ripristino di sovranit\u00e0 del Popolo Veneto sulle proprie terre d\u2019origine, \u00e8 il fine che tutti i membri e i partecipanti hanno in comune.<\/div>\n<div style=\"text-align: justify;\">Ecco perch\u00e9 al MLNV non si partecipa con una sottoscrizione ma si aderisce intervenendo, secondo le proprie capacit\u00e0 e possibilit\u00e0, alla comune lotta di liberazione.<\/div>\n<div style=\"text-align: justify;\">Per partecipare \u00e8 necessario comprendere prima e poi scegliere di autodeterminarsi e di rivendicare la propria sovranit\u00e0, come Persona e come Popolo.<\/div>\n<div style=\"text-align: justify;\">Attraverso la nostra \u201ccarta dei valori\u201d viene stabilito il principio etico generale a cui devono ispirarsi tutti i membri del MLNV.<\/div>\n<div style=\"text-align: justify;\">Orientati dalla tipicit\u00e0 culturale, dalle tradizioni e anche dalla comune fede ai principi e valori cristiani del Popolo Veneto, tutti i membri devono adottare criteri di<\/div>\n<ul style=\"text-align: justify;\">\n<li>\n<div>trasparenza,<\/div>\n<\/li>\n<li>\n<div>correttezza,<\/div>\n<\/li>\n<li>\n<div>efficienza,<\/div>\n<\/li>\n<li>\n<div>spirito di servizio,<\/div>\n<\/li>\n<li>\n<div>collaborazione<\/div>\n<\/li>\n<li>\n<div>e\u00a0reciproca valorizzazione.<\/div>\n<\/li>\n<\/ul>\n<div style=\"text-align: justify;\">Con la carta dei valori il MLNV adotta indicatori morali inalienabili e coerenti col fine che si \u00e8 preposto.<\/div>\n<div style=\"text-align: justify;\">Alla luce di tali principi coniamo la nostra dottrina dei doveri per attribuire ai nostri comportamenti un compatibile status deontologico.<\/div>\n<div style=\"text-align: justify;\">\u2014<\/div>\n<div style=\"text-align: justify;\"><strong>MEMBRI DEL MLNV\u00a0 E PERSONE INTERESSATE \u2013 RAGGIO D\u2019APPLICAZIONE<\/strong><\/div>\n<div style=\"text-align: justify;\">Tutti i membri di ogni ordine e grado del MLNV partecipano e cooperano con onorabilit\u00e0 e secondo le proprie reali possibilit\u00e0 alla realizzazione della missione.<\/div>\n<div style=\"text-align: justify;\">Il concorso personale \u00e8 determinato dalle capacit\u00e0 e dalle possibilit\u00e0 individuali uniformate se possibile alle proprie aspirazioni.<\/div>\n<div style=\"text-align: justify;\">Alla realizzazione e allo sviluppo della missione possono concorrere soggetti latori di comuni e condivisibili interessi anche se per ragionevoli motivazioni non intendano rendere pubblica la loro partecipazione e cooperazione.<\/div>\n<div style=\"text-align: justify;\">I membri di ogni ordine e grado del MLNV sono tenuti a ispirarsi e conformarsi ai principi del presente codice etico.<\/div>\n<div style=\"text-align: justify;\">\u2014<\/div>\n<div style=\"text-align: justify;\"><strong>FONDAMENTO GIURIDICO DEL MLNV<\/strong><\/div>\n<div style=\"text-align: justify;\">Il MLNV \u00e8 un soggetto di diritto internazionale qualificato dalla sua legittimazione internazionale basata sul diritto all\u2019autodeterminazione del Popolo Veneto.<\/div>\n<div style=\"text-align: justify;\">\u2014<\/div>\n<div style=\"text-align: justify;\"><strong>MISSIONE DEL MLNV<\/strong><\/div>\n<div style=\"text-align: justify;\">Rivendicazione del diritto di autodeterminazione del Popolo Veneto.<\/div>\n<div style=\"text-align: justify;\">Ripristino di sovranit\u00e0 del Popolo Veneto.<\/div>\n<div style=\"text-align: justify;\">Progettazione e cooperazione per la rifondazione della Repubblica Veneta.<\/div>\n<div style=\"text-align: justify;\">\u2014<\/div>\n<div style=\"text-align: justify;\"><strong>RADICI STORICHE, CULTURALI ED ETICHE<\/strong><\/div>\n<div style=\"text-align: justify;\">Il MLNV approva e si identifica nel principio per il cui il Popolo Veneto e la Serenissima Repubblica Veneta fondano le radici storiche, culturali ed etiche sulle proprie origini cristiane.<\/div>\n<div style=\"text-align: justify;\">\u2014<\/div>\n<div style=\"text-align: justify;\"><strong>CONDOTTA<\/strong><\/div>\n<div style=\"text-align: justify;\">L\u2019etica per la quale si \u00e8 costituito il MLNV stabilisce che lo status deontologico della politica e di ogni condotta sia conforme a tali criteri e per i soli fini per i quali si \u00e8 costituito concretandosi in \u00a0comportamenti leciti e moralmente giusti.<\/div>\n<div style=\"text-align: justify;\">L\u2019onest\u00e0 rappresenta il principio basilare per tutte le attivit\u00e0 del MLNV, le sue iniziative e le sue comunicazioni e la stessa gestione organizzativa.<\/div>\n<div style=\"text-align: justify;\">I rapporti a tutti i livelli, devono essere improntati a criteri e comportamenti educati, di collaborazione, sincerit\u00e0 e reciproco rispetto.<\/div>\n<div style=\"text-align: justify;\">Tutti i membri sono tenuti alla massima trasparenza nei propri intenti e nei rapporti, come pure ad un\u2019adeguata riservatezza nella trattazione dei compiti affidatigli.<\/div>\n<div style=\"text-align: justify;\">\u2014<\/div>\n<div style=\"text-align: justify;\"><strong>PRINCIPIO DI VALIDITA\u2019 LEGALE<\/strong><\/div>\n<div style=\"text-align: justify;\">Il MLNV si impegna a rispettare tutti i principi morali etici e civili e i Patti internazionali ispirati da questi.<\/div>\n<div style=\"text-align: justify;\">\u2014<\/div>\n<div style=\"text-align: justify;\"><strong>SOVRANITA\u2019 PERSONALE<\/strong><\/div>\n<div style=\"text-align: justify;\">Il MLNV riconosce ogni essere umano come Persona, espressione della propria personalit\u00e0 derivante dalla propria originale individualit\u00e0 e come tale titolare di una propria identit\u00e0 e sovranit\u00e0 personale.<\/div>\n<div style=\"text-align: justify;\">\u2014<\/div>\n<div style=\"text-align: justify;\"><strong>POPOLO VENETO<\/strong><\/div>\n<div style=\"text-align: justify;\">Il MLNV si riconosce e si identifica nel Popolo Veneto quale comunit\u00e0 di Genti Venete che hanno diritto di essere libere e sovrane sulle proprie terre d\u2019origine secondo la specificit\u00e0 della propria cultura, della propria storia, della propria fede cristiana (*), delle proprie tradizioni e delle proprie origini etniche.<\/div>\n<div style=\"text-align: justify;\">\u2014<\/div>\n<div style=\"text-align: justify;\"><strong>SVILUPPO, PROGRESSO E MUTUO CONSENSO<\/strong><\/div>\n<div style=\"text-align: justify;\">Il MLNV ritiene che il Popolo Veneto debba promuovere l\u2019interazione fra i propri membri per il perseguimento dello sviluppo e il comune progresso secondo i propri usi, costumi e tradizioni, determinando criteri, organizzazione e livelli di autonomia sociale armonizzandoli attraverso il mutuo consenso.<\/div>\n<div style=\"text-align: justify;\">\u2014<\/div>\n<div style=\"text-align: justify;\"><strong>NAZIONE VENETA<\/strong><\/div>\n<div style=\"text-align: justify;\">Il MLNV ritiene e promuove il diritto del Popolo Veneto di affermarsi come Nazione fra le Nazioni e\u00a0abbia diritto di determinarsi come entit\u00e0 statuale e come tale di legiferare e stabilire il proprio ordinamento con leggi, statuti, codici, norme, e regolamenti aventi valore nei confronti di tutti i membri della societ\u00e0 che liberamente hanno deciso di farvi parte.<\/div>\n<div style=\"text-align: justify;\"><\/div>\n<div style=\"text-align: justify;\">WSM<\/div>\n<div style=\"text-align: justify;\">Venetia, mercoled\u00ec 3 luglio 2013<\/div>\n<div style=\"text-align: justify;\">Sergio Bortotto<\/div>\n<div style=\"text-align: justify;\">Presidedente del MLNV e del Governo Veneto Provvisorio<\/div>\n<hr \/>\n<div style=\"text-align: justify;\">*<em>\u00a0il Vangelo di San Marco \u00e8 cronologicamente il primo dei quattro Vangeli canonici<\/em><\/div>\n<div style=\"text-align: justify;\"><\/div>\n","protected":false},"excerpt":{"rendered":"<p>DEFINIZIONE Il codice etico \u00e8 uno dei principali documenti che rappresentano il Movimento di Liberazione Nazionale del Popolo Veneto (MLNV). \u00c8 la regola per eccellenza ovvero il caposaldo etico del MLNV. \u00c8 un documento scritto per agevolare il nostro riferimento ai principi cardine dei nostri intenti. \u00c8 rivolto ai membri del Direttivo ma anche a [&hellip;]<\/p>\n","protected":false},"author":1,"featured_media":0,"parent":0,"menu_order":0,"comment_status":"closed","ping_status":"closed","template":"","meta":{"footnotes":""},"class_list":["post-386","page","type-page","status-publish","hentry"],"_links":{"self":[{"href":"http:\/\/gaxetauficiale.mlnv.org\/main\/wp-json\/wp\/v2\/pages\/386","targetHints":{"allow":["GET"]}}],"collection":[{"href":"http:\/\/gaxetauficiale.mlnv.org\/main\/wp-json\/wp\/v2\/pages"}],"about":[{"href":"http:\/\/gaxetauficiale.mlnv.org\/main\/wp-json\/wp\/v2\/types\/page"}],"author":[{"embeddable":true,"href":"http:\/\/gaxetauficiale.mlnv.org\/main\/wp-json\/wp\/v2\/users\/1"}],"replies":[{"embeddable":true,"href":"http:\/\/gaxetauficiale.mlnv.org\/main\/wp-json\/wp\/v2\/comments?post=386"}],"version-history":[{"count":2,"href":"http:\/\/gaxetauficiale.mlnv.org\/main\/wp-json\/wp\/v2\/pages\/386\/revisions"}],"predecessor-version":[{"id":20041,"href":"http:\/\/gaxetauficiale.mlnv.org\/main\/wp-json\/wp\/v2\/pages\/386\/revisions\/20041"}],"wp:attachment":[{"href":"http:\/\/gaxetauficiale.mlnv.org\/main\/wp-json\/wp\/v2\/media?parent=386"}],"curies":[{"name":"wp","href":"https:\/\/api.w.org\/{rel}","templated":true}]}}